{"id":22,"date":"2019-06-27T12:34:47","date_gmt":"2019-06-27T10:34:47","guid":{"rendered":"http:\/\/witmor.pl\/?page_id=22"},"modified":"2019-06-27T13:17:51","modified_gmt":"2019-06-27T11:17:51","slug":"o-nas","status":"publish","type":"page","link":"https:\/\/witmor.pl\/","title":{"rendered":"O nas"},"content":{"rendered":"\n<p style=\"text-align:left\"><strong>Szanowni Pa\u0144stwo!<\/strong><br> Zak\u0142ad Produkcyjno \u2013 Us\u0142ugowy WITMOR istnieje na rynku Telewizji Kablowych ju\u017c blisko dwadzie\u015bcia lat. Firma powsta\u0142a w 1988 roku jako Zak\u0142ad Rzemie\u015blniczy. G\u0142\u00f3wn\u0105 ga\u0142\u0119zi\u0105 produkcji zak\u0142adu s\u0105 obudowy zako\u0144cze\u0144 kablowych. Nasze obudowy mo\u017cna instalowa\u0107 wewn\u0105trz i na zewn\u0105trz budynk\u00f3w. Wykonane s\u0105 z blachy stalowej, ocynkowanej i pomalowane farb\u0105 proszkow\u0105 poliestrow\u0105. Oferujemy szeroki asortyment obud\u00f3w do budowy nowych sieci telewizji kablowych oraz modernizacji ju\u017c istniej\u0105cych. Szeroki asortyment produkt\u00f3w firmy powsta\u0142 na bazie w\u0142asnych opracowa\u0144, cz\u0119sto przy sugestiach naszych klient\u00f3w i jest zgodny z obowi\u0105zuj\u0105cymi w Polsce standardami. Odzwierciedleniem naszych nowych pomys\u0142\u00f3w konstrukcyjnych i technologicznych jest uzyskanie z Urz\u0119du Patentowego Rzeczypospolitej Polskiej, prawa z rejestracji wzoru przemys\u0142owego poszczeg\u00f3lnych typ\u00f3w skrzynek antyw\u0142amaniowych, co czyni nas jedynym prawnym w\u0142a\u015bcicielem tych\u017ce wzor\u00f3w. Wyroby nasze posiadaj\u0105 pozytywn\u0105 opini\u0119:<\/p>\n\n\n\n<ul class=\"wp-block-list\"><li>Biura Badawczego ds. Jako\u015bci Stowarzyszenia Elektryk\u00f3w Polskich w Warszawie i<\/li><li>Zak\u0142adu Do\u015bwiadczalnego Budownictwa i \u0141\u0105czno\u015bci w Warszawie.<br> W procesie produkcyjnym stosujemy nowoczesne rozwi\u0105zania technologiczne i konstrukcyjne z uwzgl\u0119dnieniem sugestii naszych partner\u00f3w.<br> Nasze wyroby znalaz\u0142y uznanie w\u015br\u00f3d wielu O\u015brodk\u00f3w Telewizyjnych na terenie ca\u0142ej Polski.<br>\u015awiadczymy r\u00f3wnie\u017c us\u0142ugi m.in. lakierowania proszkowego, gi\u0119cia blach do 2,5m d\u0142ugo\u015bci i 3,0mm grubo\u015bci oraz ci\u0119cia blachy stalowej, nierdzewnej i aluminiowej plazm\u0105 powietrzn\u0105 na wypalarce CNC zgodnie z dostarczonymi rysunkami. Mamy nadziej\u0119, \u017ce oferta zawarta na tej stronie zainteresuje Pa\u0144stwa nasz\u0105 produkcj\u0105.<br>Zapewniamy atrakcyjn\u0105 wsp\u00f3\u0142prac\u0119, szybk\u0105 i mi\u0142\u0105 obs\u0142ug\u0119.<\/li><\/ul>\n\n\n\nngg_shortcode_0_placeholder\n","protected":false},"excerpt":{"rendered":"<p>Szanowni Pa\u0144stwo! Zak\u0142ad Produkcyjno \u2013 Us\u0142ugowy WITMOR istnieje na rynku Telewizji Kablowych ju\u017c blisko dwadzie\u015bcia lat. Firma powsta\u0142a w 1988 roku jako Zak\u0142ad Rzemie\u015blniczy. G\u0142\u00f3wn\u0105 ga\u0142\u0119zi\u0105 produkcji zak\u0142adu s\u0105 obudowy zako\u0144cze\u0144 kablowych. Nasze obudowy mo\u017cna instalowa\u0107 wewn\u0105trz i na zewn\u0105trz budynk\u00f3w. Wykonane s\u0105 z blachy stalowej, ocynkowanej i pomalowane farb\u0105 proszkow\u0105 poliestrow\u0105. Oferujemy szeroki asortyment&#8230;<\/p>\n","protected":false},"author":1,"featured_media":0,"parent":0,"menu_order":0,"comment_status":"closed","ping_status":"closed","template":"","meta":{"ngg_post_thumbnail":0,"footnotes":""},"class_list":["post-22","page","type-page","status-publish","hentry"],"_links":{"self":[{"href":"https:\/\/witmor.pl\/index.php?rest_route=\/wp\/v2\/pages\/22","targetHints":{"allow":["GET"]}}],"collection":[{"href":"https:\/\/witmor.pl\/index.php?rest_route=\/wp\/v2\/pages"}],"about":[{"href":"https:\/\/witmor.pl\/index.php?rest_route=\/wp\/v2\/types\/page"}],"author":[{"embeddable":true,"href":"https:\/\/witmor.pl\/index.php?rest_route=\/wp\/v2\/users\/1"}],"replies":[{"embeddable":true,"href":"https:\/\/witmor.pl\/index.php?rest_route=%2Fwp%2Fv2%2Fcomments&post=22"}],"version-history":[{"count":6,"href":"https:\/\/witmor.pl\/index.php?rest_route=\/wp\/v2\/pages\/22\/revisions"}],"predecessor-version":[{"id":74,"href":"https:\/\/witmor.pl\/index.php?rest_route=\/wp\/v2\/pages\/22\/revisions\/74"}],"wp:attachment":[{"href":"https:\/\/witmor.pl\/index.php?rest_route=%2Fwp%2Fv2%2Fmedia&parent=22"}],"curies":[{"name":"wp","href":"https:\/\/api.w.org\/{rel}","templated":true}]}}